{"id":363,"date":"2025-11-03T00:42:50","date_gmt":"2025-11-02T23:42:50","guid":{"rendered":"https:\/\/visit-paris.net\/?page_id=363"},"modified":"2025-11-04T23:27:28","modified_gmt":"2025-11-04T22:27:28","slug":"hey-2","status":"publish","type":"page","link":"https:\/\/visit-paris.net\/nl\/hey-2\/","title":{"rendered":"Hey!"},"content":{"rendered":"\n<p>Hoi, ik ben Jean \u2014 Parijs is al meer dan tien jaar mijn thuis, en toch blijf ik elke dag nieuwe dingen ontdekken om van te houden. Of je nu hier bent voor een weekend of een hele week, ik help je graag het echte Parijs te ontdekken \u2014 voorbij de ansichtkaarten en clich\u00e9s. Van rustige caf\u00e9etjes verscholen in Montmartre tot mijn favoriete plekjes om de zonsondergang langs de Seine te bekijken, deze blog draait om het delen van wat Parijs voor mij zo bijzonder maakt.<\/p>\n\n\n\n<p>Als je je afvraagt <em>wat te doen in Parijs<\/em>, <em>waar te eten<\/em> of zoekt naar <em>verborgen pareltjes<\/em> ver weg van de drukte, ben je hier aan het juiste adres. Pak een koffie, maak een wandeling en laten we samen Parijs verkennen.<\/p>\n\n\n\n<hr class=\"wp-block-separator has-alpha-channel-opacity\"\/>\n\n\n\n<div class=\"wp-block-query is-layout-flow wp-block-query-is-layout-flow\"><ul class=\"wp-block-post-template is-layout-flow wp-block-post-template-is-layout-flow\"><li class=\"wp-block-post post-497 post type-post status-publish format-standard hentry category-uncategorized\">\n<h2 class=\"wp-block-post-title\"><a href=\"https:\/\/visit-paris.net\/nl\/de-verborgen-parels-van-parijs-mijn-persoonlijke-gids-buiten-de-klassiekers\/\" target=\"_self\" >De Verborgen Parels van Parijs: Mijn Persoonlijke Gids Buiten de Klassiekers<\/a><\/h2>\n\n\n\n<div class=\"has-text-align-left wp-block-post-excerpt\"><p class=\"wp-block-post-excerpt__excerpt\">Als je de grote Parijse must-sees al hebt afgevinkt \u2014 de Eiffeltoren, het Louvre, Notre-Dame, de Sacr\u00e9-C\u0153ur, de Seine-cruise, de Catacomben en de rest \u2014 gefeliciteerd. Nu komt mijn favoriete deel van Parijs ontdekken: afdwalen van de gebaande paden, de buurten ontdekken waar het echte leven zich afspeelt, en plekken binnenstappen die geheimzinnig, intiem of<\/p><p class=\"wp-block-post-excerpt__more-text\"><a class=\"wp-block-post-excerpt__more-link\" href=\"https:\/\/visit-paris.net\/nl\/de-verborgen-parels-van-parijs-mijn-persoonlijke-gids-buiten-de-klassiekers\/\">&#8230;<\/a><\/p><\/div>\n\n\n<hr class=\"wp-block-separator has-css-opacity\"\/>\n\n<\/li><li class=\"wp-block-post post-480 post type-post status-publish format-standard hentry category-uncategorized\">\n<h2 class=\"wp-block-post-title\"><a href=\"https:\/\/visit-paris.net\/nl\/de-mooiste-parken-en-tuinen-van-parijs-%f0%9f%8c%bf\/\" target=\"_self\" >De Mooiste Parken en Tuinen van Parijs \ud83c\udf3f<\/a><\/h2>\n\n\n\n<div class=\"has-text-align-left wp-block-post-excerpt\"><p class=\"wp-block-post-excerpt__excerpt\">Wanneer het leven in Parijs even te snel gaat, zoek ik vaak mijn toevlucht in de groene oases \u2014 die kleine paradijsjes waar de tijd vertraagt, het gezang van vogels het verkeerslawaai vervangt, en schoonheid overal aanwezig is. Parijs staat misschien bekend om zijn caf\u00e9s en monumenten, maar het zijn de parken en tuinen die<\/p><p class=\"wp-block-post-excerpt__more-text\"><a class=\"wp-block-post-excerpt__more-link\" href=\"https:\/\/visit-paris.net\/nl\/de-mooiste-parken-en-tuinen-van-parijs-%f0%9f%8c%bf\/\">&#8230;<\/a><\/p><\/div>\n\n\n<hr class=\"wp-block-separator has-css-opacity\"\/>\n\n<\/li><li class=\"wp-block-post post-469 post type-post status-publish format-standard hentry category-uncategorized\">\n<h2 class=\"wp-block-post-title\"><a href=\"https:\/\/visit-paris.net\/nl\/kerstmis-in-parijs-lichtjes-markten-en-een-vleugje-magie\/\" target=\"_self\" >Kerstmis in Parijs: Lichtjes, Markten en een Vleugje Magie<\/a><\/h2>\n\n\n\n<div class=\"has-text-align-left wp-block-post-excerpt\"><p class=\"wp-block-post-excerpt__excerpt\">Er is iets werkelijk betoverends aan Parijs in december. De stad die al bekend staat om haar romantiek en schoonheid wordt op de een of andere manier n\u00f3g magischer als het feestseizoen aanbreekt. Van de fonkelende lichtjes langs de Champs-\u00c9lys\u00e9es tot de geur van geroosterde kastanjes die door de straten zweeft, Kerst in Parijs is<\/p><p class=\"wp-block-post-excerpt__more-text\"><a class=\"wp-block-post-excerpt__more-link\" href=\"https:\/\/visit-paris.net\/nl\/kerstmis-in-parijs-lichtjes-markten-en-een-vleugje-magie\/\">&#8230;<\/a><\/p><\/div>\n\n\n<hr class=\"wp-block-separator has-css-opacity\"\/>\n\n<\/li><li class=\"wp-block-post post-442 post type-post status-publish format-standard hentry category-uncategorized\">\n<h2 class=\"wp-block-post-title\"><a href=\"https:\/\/visit-paris.net\/nl\/parijs-met-een-budget-15-gratis-of-bijna-gratis-dingen-om-te-doen\/\" target=\"_self\" >Parijs met een budget: 15 gratis (of bijna gratis) dingen om te doen<\/a><\/h2>\n\n\n\n<div class=\"has-text-align-left wp-block-post-excerpt\"><p class=\"wp-block-post-excerpt__excerpt\">Parijs staat misschien bekend om zijn luxe boetieks en haute cuisine, maar de Lichtstad hoeft je portemonnee niet te laten branden. Ik woon hier al meer dan tien jaar en heb ontdekt dat sommige van de beste Parijse ervaringen helemaal gratis zijn \u2013 of bijna. Of je nu door tuinen wandelt, cultuur opsnuift of de<\/p><p class=\"wp-block-post-excerpt__more-text\"><a class=\"wp-block-post-excerpt__more-link\" href=\"https:\/\/visit-paris.net\/nl\/parijs-met-een-budget-15-gratis-of-bijna-gratis-dingen-om-te-doen\/\">&#8230;<\/a><\/p><\/div>\n\n\n<hr class=\"wp-block-separator has-css-opacity\"\/>\n\n<\/li><li class=\"wp-block-post post-447 post type-post status-publish format-standard hentry category-uncategorized\">\n<h2 class=\"wp-block-post-title\"><a href=\"https:\/\/visit-paris.net\/nl\/waar-te-verblijven-in-parijs-de-perfecte-plek-vinden-voor-jouw-budget-en-stijl\/\" target=\"_self\" >Waar te verblijven in Parijs: de perfecte plek vinden voor jouw budget en stijl<\/a><\/h2>\n\n\n\n<div class=\"has-text-align-left wp-block-post-excerpt\"><p class=\"wp-block-post-excerpt__excerpt\">Als je ooit hebt gedroomd van wakker worden met het geluid van Parijs dat tot leven komt \u2014 caf\u00e9s die openen, croissants die bakken en het verre gezoem van de Seine \u2014 dan weet je dat waar je verblijft je hele Parijse ervaring bepaalt. Of je nu reist met een beperkt budget of op zoek<\/p><p class=\"wp-block-post-excerpt__more-text\"><a class=\"wp-block-post-excerpt__more-link\" href=\"https:\/\/visit-paris.net\/nl\/waar-te-verblijven-in-parijs-de-perfecte-plek-vinden-voor-jouw-budget-en-stijl\/\">&#8230;<\/a><\/p><\/div>\n\n\n<hr class=\"wp-block-separator has-css-opacity\"\/>\n\n<\/li><li class=\"wp-block-post post-404 post type-post status-publish format-standard hentry category-uncategorized\">\n<h2 class=\"wp-block-post-title\"><a href=\"https:\/\/visit-paris.net\/nl\/een-smaak-van-frankrijk-ontdek-de-regionale-keuken-in-parijs\/\" target=\"_self\" >Een Smaak van Frankrijk: Ontdek de Regionale Keuken in Parijs<\/a><\/h2>\n\n\n\n<div class=\"has-text-align-left wp-block-post-excerpt\"><p class=\"wp-block-post-excerpt__excerpt\">Als er \u00e9\u00e9n ding is dat de Franse levenskunst typeert, dan is het wel eten. Parijs, het kloppende hart van de Franse cultuur, is een moza\u00efek van smaken uit alle hoeken van het land. Van boterige Bretonse cr\u00eapes tot stevige maaltijden uit de Alpen, elk arrondissement verbergt een stukje Frankrijk op je bord. Of je<\/p><p class=\"wp-block-post-excerpt__more-text\"><a class=\"wp-block-post-excerpt__more-link\" href=\"https:\/\/visit-paris.net\/nl\/een-smaak-van-frankrijk-ontdek-de-regionale-keuken-in-parijs\/\">&#8230;<\/a><\/p><\/div>\n\n\n<hr class=\"wp-block-separator has-css-opacity\"\/>\n\n<\/li><li class=\"wp-block-post post-393 post type-post status-publish format-standard hentry category-uncategorized\">\n<h2 class=\"wp-block-post-title\"><a href=\"https:\/\/visit-paris.net\/nl\/de-beste-musea-om-te-bezoeken-in-parijs-van-klassiekers-tot-verborgen-pareltjes\/\" target=\"_self\" >De Beste Musea om te Bezoeken in Parijs \u2014 Van Klassiekers tot Verborgen Pareltjes<\/a><\/h2>\n\n\n\n<div class=\"has-text-align-left wp-block-post-excerpt\"><p class=\"wp-block-post-excerpt__excerpt\">Parijs is een stad die ademt kunst. Je voelt het in de kinderkopjes van de straten, in de manier waarop het zonlicht de Seine raakt, en natuurlijk in de talloze musea. Of je nu gepassioneerd bent door impressionisme, mode, of moderne kunstinstallaties die je doen twijfelen (en verrukken), Parijs heeft voor elke nieuwsgierige ziel iets<\/p><p class=\"wp-block-post-excerpt__more-text\"><a class=\"wp-block-post-excerpt__more-link\" href=\"https:\/\/visit-paris.net\/nl\/de-beste-musea-om-te-bezoeken-in-parijs-van-klassiekers-tot-verborgen-pareltjes\/\">&#8230;<\/a><\/p><\/div>\n\n\n<hr class=\"wp-block-separator has-css-opacity\"\/>\n\n<\/li><li class=\"wp-block-post post-324 post type-post status-publish format-standard hentry category-uncategorized\">\n<h2 class=\"wp-block-post-title\"><a href=\"https:\/\/visit-paris.net\/nl\/is-parijs-gevaarlijk-de-waarheid-over-veiligheid-en-wijken-om-te-vermijden\/\" target=\"_self\" >Is Parijs gevaarlijk? De waarheid over veiligheid en wijken om te vermijden<\/a><\/h2>\n\n\n\n<div class=\"has-text-align-left wp-block-post-excerpt\"><p class=\"wp-block-post-excerpt__excerpt\">Parijs \u2014 de Lichtstad, stad van romantiek en croissants \u2014 krijgt online soms een donkerder imago. Je hoort vaak mensen vragen: &#8220;Is Parijs gevaarlijk?&#8221; of &#8220;Welke gebieden moet ik vermijden?&#8221; Als iemand die hier al meer dan tien jaar woont, kan ik je vertellen: Parijs is verre van een gevaarlijke stad. Net als iedere grote<\/p><p class=\"wp-block-post-excerpt__more-text\"><a class=\"wp-block-post-excerpt__more-link\" href=\"https:\/\/visit-paris.net\/nl\/is-parijs-gevaarlijk-de-waarheid-over-veiligheid-en-wijken-om-te-vermijden\/\">&#8230;<\/a><\/p><\/div>\n\n\n<hr class=\"wp-block-separator has-css-opacity\"\/>\n\n<\/li><li class=\"wp-block-post post-312 post type-post status-publish format-standard hentry category-uncategorized\">\n<h2 class=\"wp-block-post-title\"><a href=\"https:\/\/visit-paris.net\/nl\/een-perfect-weekend-in-parijs-hoe-je-het-beste-uit-2-of-3-dagen-haalt\/\" target=\"_self\" >Een Perfect Weekend in Parijs: Hoe je het Beste uit 2 of 3 Dagen Haalt<\/a><\/h2>\n\n\n\n<div class=\"has-text-align-left wp-block-post-excerpt\"><p class=\"wp-block-post-excerpt__excerpt\">Er is iets magisch aan een weekend in Parijs doorbrengen. Of het nu je eerste of je vijfde keer is, de stad lijkt altijd nieuwe plekjes te bieden om te ontdekken, caf\u00e9s om in te blijven hangen en uitzichten die je hart sneller doen kloppen. Als iemand die hier al tien jaar woont, word ik<\/p><p class=\"wp-block-post-excerpt__more-text\"><a class=\"wp-block-post-excerpt__more-link\" href=\"https:\/\/visit-paris.net\/nl\/een-perfect-weekend-in-parijs-hoe-je-het-beste-uit-2-of-3-dagen-haalt\/\">&#8230;<\/a><\/p><\/div>\n\n\n<hr class=\"wp-block-separator has-css-opacity\"\/>\n\n<\/li><li class=\"wp-block-post post-247 post type-post status-publish format-standard hentry category-uncategorized\">\n<h2 class=\"wp-block-post-title\"><a href=\"https:\/\/visit-paris.net\/nl\/hoe-kom-je-vanaf-de-luchthavens-in-parijs-orly-charles-de-gaulle\/\" target=\"_self\" >Hoe kom je vanaf de luchthavens in Parijs: Orly &amp; Charles de Gaulle<\/a><\/h2>\n\n\n\n<div class=\"has-text-align-left wp-block-post-excerpt\"><p class=\"wp-block-post-excerpt__excerpt\">Als je in Parijs landt, begint je avontuur meteen op de luchthaven \u2014 en soms kan die eerste reis naar de stad verwarrender zijn dan verwacht. Omdat ik hier al jaren woon en vrijwel elke mogelijke manier om de stad te bereiken heb getest, heb ik mijn beste tips verzameld om je soepel aan te<\/p><p class=\"wp-block-post-excerpt__more-text\"><a class=\"wp-block-post-excerpt__more-link\" href=\"https:\/\/visit-paris.net\/nl\/hoe-kom-je-vanaf-de-luchthavens-in-parijs-orly-charles-de-gaulle\/\">&#8230;<\/a><\/p><\/div>\n\n\n<hr class=\"wp-block-separator has-css-opacity\"\/>\n\n<\/li><\/ul><\/div>\n","protected":false},"excerpt":{"rendered":"<p>Hoi, ik ben Jean \u2014 Parijs is al meer dan tien jaar mijn thuis, en toch blijf ik elke dag nieuwe dingen ontdekken om van te houden. Of je nu hier bent voor een weekend of een hele week, ik help je graag het echte Parijs te ontdekken \u2014 voorbij de ansichtkaarten en clich\u00e9s. Van &hellip; <\/p>\n<p class=\"link-more\"><a href=\"https:\/\/visit-paris.net\/nl\/hey-2\/\" class=\"more-link\">Lees verder <span class=\"screen-reader-text\">&#8220;Hey!&#8221;<\/span><\/a><\/p>\n","protected":false},"author":1,"featured_media":0,"parent":0,"menu_order":0,"comment_status":"closed","ping_status":"closed","template":"","meta":{"footnotes":""},"class_list":["post-363","page","type-page","status-publish","hentry"],"_links":{"self":[{"href":"https:\/\/visit-paris.net\/nl\/wp-json\/wp\/v2\/pages\/363","targetHints":{"allow":["GET"]}}],"collection":[{"href":"https:\/\/visit-paris.net\/nl\/wp-json\/wp\/v2\/pages"}],"about":[{"href":"https:\/\/visit-paris.net\/nl\/wp-json\/wp\/v2\/types\/page"}],"author":[{"embeddable":true,"href":"https:\/\/visit-paris.net\/nl\/wp-json\/wp\/v2\/users\/1"}],"replies":[{"embeddable":true,"href":"https:\/\/visit-paris.net\/nl\/wp-json\/wp\/v2\/comments?post=363"}],"version-history":[{"count":2,"href":"https:\/\/visit-paris.net\/nl\/wp-json\/wp\/v2\/pages\/363\/revisions"}],"predecessor-version":[{"id":386,"href":"https:\/\/visit-paris.net\/nl\/wp-json\/wp\/v2\/pages\/363\/revisions\/386"}],"wp:attachment":[{"href":"https:\/\/visit-paris.net\/nl\/wp-json\/wp\/v2\/media?parent=363"}],"curies":[{"name":"wp","href":"https:\/\/api.w.org\/{rel}","templated":true}]}}