{"id":364,"date":"2025-11-03T00:42:52","date_gmt":"2025-11-02T23:42:52","guid":{"rendered":"https:\/\/visit-paris.net\/?page_id=364"},"modified":"2025-11-04T23:27:58","modified_gmt":"2025-11-04T22:27:58","slug":"ehi","status":"publish","type":"page","link":"https:\/\/visit-paris.net\/it\/ehi\/","title":{"rendered":"Ehi!"},"content":{"rendered":"\n<p>Ciao, sono Jean \u2014 Parigi \u00e8 la mia casa da oltre dieci anni e ogni giorno scopro sempre qualcosa di nuovo da amare. Che tu sia qui per un weekend o per un&#8217;intera settimana, ti aiuter\u00f2 a svelare la vera Parigi \u2014 oltre le cartoline e i clich\u00e9. Dai caff\u00e8 tranquilli nascosti a Montmartre ai miei posti preferiti per il tramonto lungo la Senna, questo blog nasce per condividere ci\u00f2 che rende Parigi cos\u00ec speciale per me.<\/p>\n\n\n\n<p>Se ti stai chiedendo <em>cosa fare a Parigi<\/em>, <em>dove mangiare<\/em> o stai cercando <em>angoli nascosti<\/em> lontani dalla folla, sei nel posto giusto. Prendi un caff\u00e8, fai una passeggiata e esploriamo Parigi insieme.<\/p>\n\n\n\n<hr class=\"wp-block-separator has-alpha-channel-opacity\"\/>\n\n\n\n<div class=\"wp-block-query is-layout-flow wp-block-query-is-layout-flow\"><ul class=\"wp-block-post-template is-layout-flow wp-block-post-template-is-layout-flow\"><li class=\"wp-block-post post-496 post type-post status-publish format-standard hentry category-uncategorized\">\n<h2 class=\"wp-block-post-title\"><a href=\"https:\/\/visit-paris.net\/it\/le-gemme-nascoste-di-parigi-la-mia-guida-personale-oltre-i-classici\/\" target=\"_self\" >Le gemme nascoste di Parigi: la mia guida personale oltre i classici<\/a><\/h2>\n\n\n\n<div class=\"has-text-align-left wp-block-post-excerpt\"><p class=\"wp-block-post-excerpt__excerpt\">Se avete gi\u00e0 spuntato le grandi attrazioni parigine \u2014 la Torre Eiffel, il Louvre, Notre-Dame, il Sacr\u00e9-C\u0153ur, la crociera sulla Senna, le Catacombe e compagnia bella \u2014 complimenti. Ora arriva la parte che preferisco della scoperta di Parigi: deviare dai percorsi pi\u00f9 battuti, esplorare i quartieri dove la vera vita si svolge e varcare le<\/p><p class=\"wp-block-post-excerpt__more-text\"><a class=\"wp-block-post-excerpt__more-link\" href=\"https:\/\/visit-paris.net\/it\/le-gemme-nascoste-di-parigi-la-mia-guida-personale-oltre-i-classici\/\">&#8230;<\/a><\/p><\/div>\n\n\n<hr class=\"wp-block-separator has-css-opacity\"\/>\n\n<\/li><li class=\"wp-block-post post-481 post type-post status-publish format-standard hentry category-uncategorized\">\n<h2 class=\"wp-block-post-title\"><a href=\"https:\/\/visit-paris.net\/it\/i-parchi-e-giardini-piu-belli-di-parigi-%f0%9f%8c%bf\/\" target=\"_self\" >I Parchi e Giardini Pi\u00f9 Belli di Parigi \ud83c\udf3f<\/a><\/h2>\n\n\n\n<div class=\"has-text-align-left wp-block-post-excerpt\"><p class=\"wp-block-post-excerpt__excerpt\">Quando la vita a Parigi sembra andare troppo veloce, mi ritrovo spesso a rifugiarmi nei suoi angoli verdi \u2014 quelle piccole oasi dove il tempo rallenta, il canto degli uccelli sostituisce il rumore del traffico e la bellezza \u00e8 ovunque ti volti. Parigi \u00e8 famosa per i suoi caff\u00e8 e monumenti, ma i suoi parchi<\/p><p class=\"wp-block-post-excerpt__more-text\"><a class=\"wp-block-post-excerpt__more-link\" href=\"https:\/\/visit-paris.net\/it\/i-parchi-e-giardini-piu-belli-di-parigi-%f0%9f%8c%bf\/\">&#8230;<\/a><\/p><\/div>\n\n\n<hr class=\"wp-block-separator has-css-opacity\"\/>\n\n<\/li><li class=\"wp-block-post post-470 post type-post status-publish format-standard hentry category-uncategorized\">\n<h2 class=\"wp-block-post-title\"><a href=\"https:\/\/visit-paris.net\/it\/natale-a-parigi-luci-mercatini-e-un-tocco-di-magia\/\" target=\"_self\" >Natale a Parigi: Luci, Mercatini e un Tocco di Magia<\/a><\/h2>\n\n\n\n<div class=\"has-text-align-left wp-block-post-excerpt\"><p class=\"wp-block-post-excerpt__excerpt\">C&#8217;\u00e8 qualcosa di davvero incantevole a Parigi a dicembre. La citt\u00e0 gi\u00e0 celebre per il romanticismo e la bellezza diventa in qualche modo ancora pi\u00f9 magica con l&#8217;arrivo delle feste. Dalle luci scintillanti lungo gli Champs-\u00c9lys\u00e9es al profumo di castagne arrostite che si diffonde per le strade, il Natale a Parigi \u00e8 un&#8217;esperienza che scalda<\/p><p class=\"wp-block-post-excerpt__more-text\"><a class=\"wp-block-post-excerpt__more-link\" href=\"https:\/\/visit-paris.net\/it\/natale-a-parigi-luci-mercatini-e-un-tocco-di-magia\/\">&#8230;<\/a><\/p><\/div>\n\n\n<hr class=\"wp-block-separator has-css-opacity\"\/>\n\n<\/li><li class=\"wp-block-post post-463 post type-post status-publish format-standard hentry category-uncategorized\">\n<h2 class=\"wp-block-post-title\"><a href=\"https:\/\/visit-paris.net\/it\/dove-alloggiare-a-parigi-trovare-il-posto-perfetto-per-il-tuo-budget-e-stile\/\" target=\"_self\" >Dove Alloggiare a Parigi: Trovare il Posto Perfetto per il Tuo Budget e Stile<\/a><\/h2>\n\n\n\n<div class=\"has-text-align-left wp-block-post-excerpt\"><p class=\"wp-block-post-excerpt__excerpt\">Se hai mai sognato di svegliarti al suono di Parigi che prende vita \u2014 i caff\u00e8 che aprono, i croissant che cuociono, e il lontano mormorio della Senna \u2014 allora sai che dove alloggi plasma tutta la tua esperienza parigina. Che tu viaggi con pochi soldi o cerchi un pizzico di lusso, Parigi ha un<\/p><p class=\"wp-block-post-excerpt__more-text\"><a class=\"wp-block-post-excerpt__more-link\" href=\"https:\/\/visit-paris.net\/it\/dove-alloggiare-a-parigi-trovare-il-posto-perfetto-per-il-tuo-budget-e-stile\/\">&#8230;<\/a><\/p><\/div>\n\n\n<hr class=\"wp-block-separator has-css-opacity\"\/>\n\n<\/li><li class=\"wp-block-post post-445 post type-post status-publish format-standard hentry category-uncategorized\">\n<h2 class=\"wp-block-post-title\"><a href=\"https:\/\/visit-paris.net\/it\/parigi-con-un-budget-limitato-15-cose-gratis-o-quasi-da-fare\/\" target=\"_self\" >Parigi con un Budget Limitato: 15 Cose Gratis (o Quasi) da Fare<\/a><\/h2>\n\n\n\n<div class=\"has-text-align-left wp-block-post-excerpt\"><p class=\"wp-block-post-excerpt__excerpt\">Parigi \u00e8 famosa per le sue boutique di lusso e la cucina raffinata, ma la Citt\u00e0 delle Luci non deve per forza svuotare il portafoglio. Vivendo qui da pi\u00f9 di dieci anni, ho scoperto che alcune delle esperienze parigine migliori sono completamente gratuite \u2014 o quasi. Che tu stia passeggiando tra giardini, immergendoti nella cultura<\/p><p class=\"wp-block-post-excerpt__more-text\"><a class=\"wp-block-post-excerpt__more-link\" href=\"https:\/\/visit-paris.net\/it\/parigi-con-un-budget-limitato-15-cose-gratis-o-quasi-da-fare\/\">&#8230;<\/a><\/p><\/div>\n\n\n<hr class=\"wp-block-separator has-css-opacity\"\/>\n\n<\/li><li class=\"wp-block-post post-406 post type-post status-publish format-standard hentry category-uncategorized\">\n<h2 class=\"wp-block-post-title\"><a href=\"https:\/\/visit-paris.net\/it\/un-assaggio-di-francia-alla-scoperta-della-cucina-regionale-a-parigi\/\" target=\"_self\" >Un Assaggio di Francia: Alla Scoperta della Cucina Regionale a Parigi<\/a><\/h2>\n\n\n\n<div class=\"has-text-align-left wp-block-post-excerpt\"><p class=\"wp-block-post-excerpt__excerpt\">Se c&#8217;\u00e8 una cosa che definisce l&#8217;arte di vivere francese, questa \u00e8 il cibo. Parigi, cuore pulsante della cultura francese, \u00e8 un mosaico di sapori provenienti da ogni angolo del Paese. Dalle burrose cr\u00eape bretoni ai piatti robusti delle Alpi, ogni arrondissement nasconde un pezzo di Francia su un piatto. Che tu stia cercando un<\/p><p class=\"wp-block-post-excerpt__more-text\"><a class=\"wp-block-post-excerpt__more-link\" href=\"https:\/\/visit-paris.net\/it\/un-assaggio-di-francia-alla-scoperta-della-cucina-regionale-a-parigi\/\">&#8230;<\/a><\/p><\/div>\n\n\n<hr class=\"wp-block-separator has-css-opacity\"\/>\n\n<\/li><li class=\"wp-block-post post-392 post type-post status-publish format-standard hentry category-uncategorized\">\n<h2 class=\"wp-block-post-title\"><a href=\"https:\/\/visit-paris.net\/it\/i-migliori-musei-da-visitare-a-parigi-dai-classici-ai-tesori-nascosti\/\" target=\"_self\" >I Migliori Musei da Visitare a Parigi \u2014 Dai Classici ai Tesori Nascosti<\/a><\/h2>\n\n\n\n<div class=\"has-text-align-left wp-block-post-excerpt\"><p class=\"wp-block-post-excerpt__excerpt\">Parigi \u00e8 una citt\u00e0 che respira arte. Lo percepisci nelle vie di ciottoli, nel modo in cui la luce del sole accarezza la Senna e, naturalmente, nei suoi innumerevoli musei. Che tu sia appassionato d\u2019Impressionismo, moda o installazioni d\u2019arte moderna che ti fanno inclinare la testa confuso (e incantato), Parigi ha qualcosa per ogni anima<\/p><p class=\"wp-block-post-excerpt__more-text\"><a class=\"wp-block-post-excerpt__more-link\" href=\"https:\/\/visit-paris.net\/it\/i-migliori-musei-da-visitare-a-parigi-dai-classici-ai-tesori-nascosti\/\">&#8230;<\/a><\/p><\/div>\n\n\n<hr class=\"wp-block-separator has-css-opacity\"\/>\n\n<\/li><li class=\"wp-block-post post-326 post type-post status-publish format-standard hentry category-uncategorized\">\n<h2 class=\"wp-block-post-title\"><a href=\"https:\/\/visit-paris.net\/it\/parigi-e-pericolosa-la-verita-sulla-sicurezza-e-i-quartieri-da-evitare\/\" target=\"_self\" >Parigi \u00e8 pericolosa? La verit\u00e0 sulla sicurezza e i quartieri da evitare<\/a><\/h2>\n\n\n\n<div class=\"has-text-align-left wp-block-post-excerpt\"><p class=\"wp-block-post-excerpt__excerpt\">Parigi \u2014 la Citt\u00e0 delle Luci, del romanticismo e dei croissant \u2014 a volte online si ritrova con una reputazione un po&#8217; pi\u00f9 scura. Spesso sentirai chiedere: \u201cParigi \u00e8 pericolosa?\u201d o \u201cQuali zone dovrei evitare?\u201d Da chi ci vive da oltre dieci anni, posso dirti: Parigi \u00e8 ben lontana dall\u2019essere una citt\u00e0 pericolosa. Come ogni<\/p><p class=\"wp-block-post-excerpt__more-text\"><a class=\"wp-block-post-excerpt__more-link\" href=\"https:\/\/visit-paris.net\/it\/parigi-e-pericolosa-la-verita-sulla-sicurezza-e-i-quartieri-da-evitare\/\">&#8230;<\/a><\/p><\/div>\n\n\n<hr class=\"wp-block-separator has-css-opacity\"\/>\n\n<\/li><li class=\"wp-block-post post-314 post type-post status-publish format-standard hentry category-uncategorized\">\n<h2 class=\"wp-block-post-title\"><a href=\"https:\/\/visit-paris.net\/it\/un-weekend-perfetto-a-parigi-come-sfruttare-al-meglio-2-o-3-giorni\/\" target=\"_self\" >Un Weekend Perfetto a Parigi: Come Sfruttare al Meglio 2 o 3 Giorni<\/a><\/h2>\n\n\n\n<div class=\"has-text-align-left wp-block-post-excerpt\"><p class=\"wp-block-post-excerpt__excerpt\">C&#8217;\u00e8 qualcosa di magico nel trascorrere un weekend a Parigi. Che sia la tua prima volta o la tua quinta, la citt\u00e0 sembra sempre offrire nuovi angoli da esplorare, caff\u00e8 in cui soffermarsi, e panorami che fanno battere il cuore. Da qualcuno che vive qui da dieci anni, mi ritrovo ancora ad innamorarmi di Parigi<\/p><p class=\"wp-block-post-excerpt__more-text\"><a class=\"wp-block-post-excerpt__more-link\" href=\"https:\/\/visit-paris.net\/it\/un-weekend-perfetto-a-parigi-come-sfruttare-al-meglio-2-o-3-giorni\/\">&#8230;<\/a><\/p><\/div>\n\n\n<hr class=\"wp-block-separator has-css-opacity\"\/>\n\n<\/li><li class=\"wp-block-post post-250 post type-post status-publish format-standard hentry category-uncategorized\">\n<h2 class=\"wp-block-post-title\"><a href=\"https:\/\/visit-paris.net\/it\/come-arrivare-a-parigi-dagli-aeroporti-orly-charles-de-gaulle\/\" target=\"_self\" >Come Arrivare a Parigi dagli Aeroporti: Orly &amp; Charles de Gaulle<\/a><\/h2>\n\n\n\n<div class=\"has-text-align-left wp-block-post-excerpt\"><p class=\"wp-block-post-excerpt__excerpt\">Se atterri a Parigi, la tua avventura inizia proprio all\u2019aeroporto \u2014 e a volte, quel primo viaggio in citt\u00e0 pu\u00f2 essere pi\u00f9 complicato del previsto. Avendo vissuto qui per anni e provato praticamente ogni modo possibile per raggiungere la citt\u00e0, ho raccolto i miei migliori consigli per aiutarti ad arrivare senza intoppi, che tu atterri<\/p><p class=\"wp-block-post-excerpt__more-text\"><a class=\"wp-block-post-excerpt__more-link\" href=\"https:\/\/visit-paris.net\/it\/come-arrivare-a-parigi-dagli-aeroporti-orly-charles-de-gaulle\/\">&#8230;<\/a><\/p><\/div>\n\n\n<hr class=\"wp-block-separator has-css-opacity\"\/>\n\n<\/li><\/ul><\/div>\n","protected":false},"excerpt":{"rendered":"<p>Ciao, sono Jean \u2014 Parigi \u00e8 la mia casa da oltre dieci anni e ogni giorno scopro sempre qualcosa di nuovo da amare. Che tu sia qui per un weekend o per un&#8217;intera settimana, ti aiuter\u00f2 a svelare la vera Parigi \u2014 oltre le cartoline e i clich\u00e9. Dai caff\u00e8 tranquilli nascosti a Montmartre ai &hellip; <\/p>\n<p class=\"link-more\"><a href=\"https:\/\/visit-paris.net\/it\/ehi\/\" class=\"more-link\">Leggi tutto<span class=\"screen-reader-text\"> &#8220;Ehi!&#8221;<\/span><\/a><\/p>\n","protected":false},"author":1,"featured_media":0,"parent":0,"menu_order":0,"comment_status":"closed","ping_status":"closed","template":"","meta":{"footnotes":""},"class_list":["post-364","page","type-page","status-publish","hentry"],"_links":{"self":[{"href":"https:\/\/visit-paris.net\/it\/wp-json\/wp\/v2\/pages\/364","targetHints":{"allow":["GET"]}}],"collection":[{"href":"https:\/\/visit-paris.net\/it\/wp-json\/wp\/v2\/pages"}],"about":[{"href":"https:\/\/visit-paris.net\/it\/wp-json\/wp\/v2\/types\/page"}],"author":[{"embeddable":true,"href":"https:\/\/visit-paris.net\/it\/wp-json\/wp\/v2\/users\/1"}],"replies":[{"embeddable":true,"href":"https:\/\/visit-paris.net\/it\/wp-json\/wp\/v2\/comments?post=364"}],"version-history":[{"count":2,"href":"https:\/\/visit-paris.net\/it\/wp-json\/wp\/v2\/pages\/364\/revisions"}],"predecessor-version":[{"id":387,"href":"https:\/\/visit-paris.net\/it\/wp-json\/wp\/v2\/pages\/364\/revisions\/387"}],"wp:attachment":[{"href":"https:\/\/visit-paris.net\/it\/wp-json\/wp\/v2\/media?parent=364"}],"curies":[{"name":"wp","href":"https:\/\/api.w.org\/{rel}","templated":true}]}}