{"id":365,"date":"2025-11-03T00:42:33","date_gmt":"2025-11-02T23:42:33","guid":{"rendered":"https:\/\/visit-paris.net\/?page_id=365"},"modified":"2025-11-04T23:27:00","modified_gmt":"2025-11-04T22:27:00","slug":"salut","status":"publish","type":"page","link":"https:\/\/visit-paris.net\/fr\/salut\/","title":{"rendered":"Salut !"},"content":{"rendered":"\n<p>Salut, je suis Jean \u2014 Paris est mon chez-moi depuis plus de dix ans, et chaque jour j\u2019y d\u00e9couvre encore de nouvelles choses \u00e0 aimer. Que vous soyez ici pour un week-end ou une semaine enti\u00e8re, je vous aiderai \u00e0 percer le vrai Paris \u2014 au-del\u00e0 des cartes postales et des clich\u00e9s. Des caf\u00e9s tranquilles nich\u00e9s dans Montmartre \u00e0 mes endroits pr\u00e9f\u00e9r\u00e9s pour admirer le coucher du soleil le long de la Seine, ce blog est enti\u00e8rement d\u00e9di\u00e9 \u00e0 partager ce qui rend Paris si sp\u00e9cial \u00e0 mes yeux.<\/p>\n\n\n\n<p>Si vous vous demandez <em>quoi faire \u00e0 Paris<\/em>, <em>o\u00f9 manger<\/em>, ou cherchez des <em>p\u00e9pites cach\u00e9es<\/em> loin des foules, vous \u00eates au bon endroit. Prenez un caf\u00e9, faites une promenade, et partons explorer Paris ensemble.<\/p>\n\n\n\n<hr class=\"wp-block-separator has-alpha-channel-opacity\"\/>\n\n\n\n<div class=\"wp-block-query is-layout-flow wp-block-query-is-layout-flow\"><ul class=\"wp-block-post-template is-layout-flow wp-block-post-template-is-layout-flow\"><li class=\"wp-block-post post-516 post type-post status-publish format-standard hentry category-uncategorized\">\n<h2 class=\"wp-block-post-title\"><a href=\"https:\/\/visit-paris.net\/fr\/les-tresors-caches-de-paris-mon-guide-personnel-au-dela-des-classiques\/\" target=\"_self\" >Les tr\u00e9sors cach\u00e9s de Paris : mon guide personnel au-del\u00e0 des classiques<\/a><\/h2>\n\n\n\n<div class=\"has-text-align-left wp-block-post-excerpt\"><p class=\"wp-block-post-excerpt__excerpt\">Si vous avez d\u00e9j\u00e0 coch\u00e9 les grands incontournables parisiens \u2014 la Tour Eiffel, le Louvre, Notre-Dame, le Sacr\u00e9-C\u0153ur, la croisi\u00e8re sur la Seine, les Catacombes et tout le reste \u2014 bravo. Voici maintenant ma partie pr\u00e9f\u00e9r\u00e9e de la d\u00e9couverte de Paris : s\u2019\u00e9loigner des sentiers battus, explorer les quartiers o\u00f9 la vraie vie se d\u00e9roule,<\/p><p class=\"wp-block-post-excerpt__more-text\"><a class=\"wp-block-post-excerpt__more-link\" href=\"https:\/\/visit-paris.net\/fr\/les-tresors-caches-de-paris-mon-guide-personnel-au-dela-des-classiques\/\">&#8230;<\/a><\/p><\/div>\n\n\n<hr class=\"wp-block-separator has-css-opacity\"\/>\n\n<\/li><li class=\"wp-block-post post-479 post type-post status-publish format-standard hentry category-uncategorized\">\n<h2 class=\"wp-block-post-title\"><a href=\"https:\/\/visit-paris.net\/fr\/les-plus-beaux-parcs-et-jardins-de-paris-%f0%9f%8c%bf\/\" target=\"_self\" >Les Plus Beaux Parcs et Jardins de Paris \ud83c\udf3f<\/a><\/h2>\n\n\n\n<div class=\"has-text-align-left wp-block-post-excerpt\"><p class=\"wp-block-post-excerpt__excerpt\">Quand la vie parisienne devient un peu trop rapide, je trouve souvent refuge dans ses havres de verdure \u2014 ces petites oasis o\u00f9 le temps ralentit, le chant des oiseaux remplace le bruit de la circulation, et la beaut\u00e9 est partout autour de vous. Paris est peut-\u00eatre c\u00e9l\u00e8bre pour ses caf\u00e9s et ses monuments, mais<\/p><p class=\"wp-block-post-excerpt__more-text\"><a class=\"wp-block-post-excerpt__more-link\" href=\"https:\/\/visit-paris.net\/fr\/les-plus-beaux-parcs-et-jardins-de-paris-%f0%9f%8c%bf\/\">&#8230;<\/a><\/p><\/div>\n\n\n<hr class=\"wp-block-separator has-css-opacity\"\/>\n\n<\/li><li class=\"wp-block-post post-467 post type-post status-publish format-standard hentry category-uncategorized\">\n<h2 class=\"wp-block-post-title\"><a href=\"https:\/\/visit-paris.net\/fr\/noel-a-paris-lumieres-marches-et-une-touche-de-magie\/\" target=\"_self\" >No\u00ebl \u00e0 Paris : Lumi\u00e8res, March\u00e9s et une Touche de Magie<\/a><\/h2>\n\n\n\n<div class=\"has-text-align-left wp-block-post-excerpt\"><p class=\"wp-block-post-excerpt__excerpt\">Il y a quelque chose de v\u00e9ritablement enchanteur \u00e0 Paris en d\u00e9cembre. La ville d\u00e9j\u00e0 r\u00e9put\u00e9e pour son romantisme et sa beaut\u00e9 devient encore plus magique lorsque la saison des f\u00eates arrive. Des lumi\u00e8res scintillantes le long des Champs-\u00c9lys\u00e9es aux odeurs de marrons grill\u00e9s qui flottent dans les rues, No\u00ebl \u00e0 Paris est une exp\u00e9rience<\/p><p class=\"wp-block-post-excerpt__more-text\"><a class=\"wp-block-post-excerpt__more-link\" href=\"https:\/\/visit-paris.net\/fr\/noel-a-paris-lumieres-marches-et-une-touche-de-magie\/\">&#8230;<\/a><\/p><\/div>\n\n\n<hr class=\"wp-block-separator has-css-opacity\"\/>\n\n<\/li><li class=\"wp-block-post post-443 post type-post status-publish format-standard hentry category-uncategorized\">\n<h2 class=\"wp-block-post-title\"><a href=\"https:\/\/visit-paris.net\/fr\/paris-a-petit-budget-15-activites-gratuites-ou-presque-a-faire\/\" target=\"_self\" >Paris \u00e0 petit budget : 15 activit\u00e9s gratuites (ou presque) \u00e0 faire<\/a><\/h2>\n\n\n\n<div class=\"has-text-align-left wp-block-post-excerpt\"><p class=\"wp-block-post-excerpt__excerpt\">Paris est c\u00e9l\u00e8bre pour ses boutiques de luxe et sa haute gastronomie, mais la Ville Lumi\u00e8re ne doit pas forc\u00e9ment vous co\u00fbter une fortune. Vivant ici depuis plus de dix ans, j\u2019ai d\u00e9couvert que certaines des meilleures exp\u00e9riences parisiennes sont totalement gratuites \u2014 ou presque. Que vous fl\u00e2niez dans des jardins, profitiez de la culture<\/p><p class=\"wp-block-post-excerpt__more-text\"><a class=\"wp-block-post-excerpt__more-link\" href=\"https:\/\/visit-paris.net\/fr\/paris-a-petit-budget-15-activites-gratuites-ou-presque-a-faire\/\">&#8230;<\/a><\/p><\/div>\n\n\n<hr class=\"wp-block-separator has-css-opacity\"\/>\n\n<\/li><li class=\"wp-block-post post-448 post type-post status-publish format-standard hentry category-uncategorized\">\n<h2 class=\"wp-block-post-title\"><a href=\"https:\/\/visit-paris.net\/fr\/ou-sejourner-a-paris-trouver-lendroit-parfait-selon-votre-budget-et-votre-style\/\" target=\"_self\" >O\u00f9 s\u00e9journer \u00e0 Paris : Trouver l\u2019endroit parfait selon votre budget et votre style<\/a><\/h2>\n\n\n\n<div class=\"has-text-align-left wp-block-post-excerpt\"><p class=\"wp-block-post-excerpt__excerpt\">Si vous avez d\u00e9j\u00e0 r\u00eav\u00e9 de vous r\u00e9veiller au son de Paris qui s\u2019\u00e9veille \u2014 caf\u00e9s qui ouvrent, croissants qui dorent, et le murmure lointain de la Seine \u2014 alors vous savez que l\u2019endroit o\u00f9 vous s\u00e9journez fa\u00e7onne toute votre exp\u00e9rience parisienne. Que vous voyagiez avec un budget serr\u00e9 ou cherchiez un peu de luxe,<\/p><p class=\"wp-block-post-excerpt__more-text\"><a class=\"wp-block-post-excerpt__more-link\" href=\"https:\/\/visit-paris.net\/fr\/ou-sejourner-a-paris-trouver-lendroit-parfait-selon-votre-budget-et-votre-style\/\">&#8230;<\/a><\/p><\/div>\n\n\n<hr class=\"wp-block-separator has-css-opacity\"\/>\n\n<\/li><li class=\"wp-block-post post-403 post type-post status-publish format-standard hentry category-uncategorized\">\n<h2 class=\"wp-block-post-title\"><a href=\"https:\/\/visit-paris.net\/fr\/un-gout-de-france-a-la-decouverte-de-la-cuisine-regionale-a-paris\/\" target=\"_self\" >Un Go\u00fbt de France\u00a0: \u00c0 la d\u00e9couverte de la cuisine r\u00e9gionale \u00e0 Paris<\/a><\/h2>\n\n\n\n<div class=\"has-text-align-left wp-block-post-excerpt\"><p class=\"wp-block-post-excerpt__excerpt\">Si quelque chose d\u00e9finit \u00e0 merveille l\u2019art de vivre \u00e0 la fran\u00e7aise, c\u2019est bien la nourriture. Paris, c\u0153ur battant de la culture fran\u00e7aise, est un v\u00e9ritable kal\u00e9idoscope de saveurs venues des quatre coins du pays. Des cr\u00eapes bretonnes au beurre aux plats g\u00e9n\u00e9reux des Alpes, chaque arrondissement cache un morceau de France dans son assiette.<\/p><p class=\"wp-block-post-excerpt__more-text\"><a class=\"wp-block-post-excerpt__more-link\" href=\"https:\/\/visit-paris.net\/fr\/un-gout-de-france-a-la-decouverte-de-la-cuisine-regionale-a-paris\/\">&#8230;<\/a><\/p><\/div>\n\n\n<hr class=\"wp-block-separator has-css-opacity\"\/>\n\n<\/li><li class=\"wp-block-post post-391 post type-post status-publish format-standard hentry category-uncategorized\">\n<h2 class=\"wp-block-post-title\"><a href=\"https:\/\/visit-paris.net\/fr\/les-meilleurs-musees-a-visiter-a-paris-des-classiques-aux-tresors-caches\/\" target=\"_self\" >Les meilleurs mus\u00e9es \u00e0 visiter \u00e0 Paris \u2014 des classiques aux tr\u00e9sors cach\u00e9s<\/a><\/h2>\n\n\n\n<div class=\"has-text-align-left wp-block-post-excerpt\"><p class=\"wp-block-post-excerpt__excerpt\">Paris est une ville qui respire l\u2019art. On le ressent dans les pav\u00e9s, dans la lumi\u00e8re qui caresse la Seine, et bien s\u00fbr, dans ses innombrables mus\u00e9es. Que vous soyez passionn\u00e9 d\u2019impressionnisme, de mode, ou d\u2019installations d\u2019art moderne qui vous font incliner la t\u00eate, intrigu\u00e9 (et ravi), Paris a quelque chose \u00e0 offrir \u00e0 chaque<\/p><p class=\"wp-block-post-excerpt__more-text\"><a class=\"wp-block-post-excerpt__more-link\" href=\"https:\/\/visit-paris.net\/fr\/les-meilleurs-musees-a-visiter-a-paris-des-classiques-aux-tresors-caches\/\">&#8230;<\/a><\/p><\/div>\n\n\n<hr class=\"wp-block-separator has-css-opacity\"\/>\n\n<\/li><li class=\"wp-block-post post-320 post type-post status-publish format-standard hentry category-uncategorized\">\n<h2 class=\"wp-block-post-title\"><a href=\"https:\/\/visit-paris.net\/fr\/paris-est-elle-dangereuse-la-verite-sur-la-securite-et-les-quartiers-a-eviter\/\" target=\"_self\" >Paris est-elle dangereuse ? La v\u00e9rit\u00e9 sur la s\u00e9curit\u00e9 et les quartiers \u00e0 \u00e9viter<\/a><\/h2>\n\n\n\n<div class=\"has-text-align-left wp-block-post-excerpt\"><p class=\"wp-block-post-excerpt__excerpt\">Paris \u2014 la Ville Lumi\u00e8re, le romantisme et les croissants \u2014 se voit parfois affubl\u00e9e d&rsquo;une r\u00e9putation plus sombre sur internet. On entend souvent demander\u00a0: \u00ab\u00a0Paris est-elle dangereuse ?\u00a0\u00bb ou \u00ab\u00a0Quels quartiers devrais-je \u00e9viter ?\u00a0\u00bb En tant que quelqu&rsquo;un qui y vit depuis plus de dix ans, je peux vous dire que Paris est loin<\/p><p class=\"wp-block-post-excerpt__more-text\"><a class=\"wp-block-post-excerpt__more-link\" href=\"https:\/\/visit-paris.net\/fr\/paris-est-elle-dangereuse-la-verite-sur-la-securite-et-les-quartiers-a-eviter\/\">&#8230;<\/a><\/p><\/div>\n\n\n<hr class=\"wp-block-separator has-css-opacity\"\/>\n\n<\/li><li class=\"wp-block-post post-308 post type-post status-publish format-standard hentry category-uncategorized\">\n<h2 class=\"wp-block-post-title\"><a href=\"https:\/\/visit-paris.net\/fr\/un-weekend-parfait-a-paris-comment-profiter-au-maximum-de-2-ou-3-jours\/\" target=\"_self\" >Un weekend parfait \u00e0 Paris : comment profiter au maximum de 2 ou 3 jours<\/a><\/h2>\n\n\n\n<div class=\"has-text-align-left wp-block-post-excerpt\"><p class=\"wp-block-post-excerpt__excerpt\">Il y a quelque chose de magique \u00e0 passer un weekend \u00e0 Paris. Que ce soit votre premi\u00e8re fois ou votre cinqui\u00e8me, la ville semble toujours offrir de nouveaux coins \u00e0 explorer, des caf\u00e9s o\u00f9 fl\u00e2ner, et des vues qui font battre votre c\u0153ur un peu plus vite. Habitant ici depuis dix ans, je me<\/p><p class=\"wp-block-post-excerpt__more-text\"><a class=\"wp-block-post-excerpt__more-link\" href=\"https:\/\/visit-paris.net\/fr\/un-weekend-parfait-a-paris-comment-profiter-au-maximum-de-2-ou-3-jours\/\">&#8230;<\/a><\/p><\/div>\n\n\n<hr class=\"wp-block-separator has-css-opacity\"\/>\n\n<\/li><li class=\"wp-block-post post-245 post type-post status-publish format-standard hentry category-uncategorized\">\n<h2 class=\"wp-block-post-title\"><a href=\"https:\/\/visit-paris.net\/fr\/comment-rejoindre-paris-depuis-les-aeroports-orly-charles-de-gaulle\/\" target=\"_self\" >Comment rejoindre Paris depuis les a\u00e9roports : Orly &amp; Charles de Gaulle<\/a><\/h2>\n\n\n\n<div class=\"has-text-align-left wp-block-post-excerpt\"><p class=\"wp-block-post-excerpt__excerpt\">Si vous atterrissez \u00e0 Paris, votre aventure commence d\u00e8s l&rsquo;a\u00e9roport \u2014 et parfois, ce premier trajet vers la ville peut s&rsquo;av\u00e9rer plus d\u00e9routant que pr\u00e9vu. Ayant v\u00e9cu ici pendant des ann\u00e9es et test\u00e9 quasiment toutes les fa\u00e7ons possibles d&rsquo;atteindre la ville, j&rsquo;ai rassembl\u00e9 mes meilleurs conseils pour vous aider \u00e0 arriver sereinement, que vous atterrissiez<\/p><p class=\"wp-block-post-excerpt__more-text\"><a class=\"wp-block-post-excerpt__more-link\" href=\"https:\/\/visit-paris.net\/fr\/comment-rejoindre-paris-depuis-les-aeroports-orly-charles-de-gaulle\/\">&#8230;<\/a><\/p><\/div>\n\n\n<hr class=\"wp-block-separator has-css-opacity\"\/>\n\n<\/li><\/ul><\/div>\n","protected":false},"excerpt":{"rendered":"<p>Salut, je suis Jean \u2014 Paris est mon chez-moi depuis plus de dix ans, et chaque jour j\u2019y d\u00e9couvre encore de nouvelles choses \u00e0 aimer. Que vous soyez ici pour un week-end ou une semaine enti\u00e8re, je vous aiderai \u00e0 percer le vrai Paris \u2014 au-del\u00e0 des cartes postales et des clich\u00e9s. Des caf\u00e9s tranquilles &hellip; <\/p>\n<p class=\"link-more\"><a href=\"https:\/\/visit-paris.net\/fr\/salut\/\" class=\"more-link\">Continuer la lecture<span class=\"screen-reader-text\"> de &laquo;&nbsp;Salut !&nbsp;&raquo;<\/span><\/a><\/p>\n","protected":false},"author":1,"featured_media":0,"parent":0,"menu_order":0,"comment_status":"closed","ping_status":"closed","template":"","meta":{"footnotes":""},"class_list":["post-365","page","type-page","status-publish","hentry"],"_links":{"self":[{"href":"https:\/\/visit-paris.net\/fr\/wp-json\/wp\/v2\/pages\/365","targetHints":{"allow":["GET"]}}],"collection":[{"href":"https:\/\/visit-paris.net\/fr\/wp-json\/wp\/v2\/pages"}],"about":[{"href":"https:\/\/visit-paris.net\/fr\/wp-json\/wp\/v2\/types\/page"}],"author":[{"embeddable":true,"href":"https:\/\/visit-paris.net\/fr\/wp-json\/wp\/v2\/users\/1"}],"replies":[{"embeddable":true,"href":"https:\/\/visit-paris.net\/fr\/wp-json\/wp\/v2\/comments?post=365"}],"version-history":[{"count":2,"href":"https:\/\/visit-paris.net\/fr\/wp-json\/wp\/v2\/pages\/365\/revisions"}],"predecessor-version":[{"id":384,"href":"https:\/\/visit-paris.net\/fr\/wp-json\/wp\/v2\/pages\/365\/revisions\/384"}],"wp:attachment":[{"href":"https:\/\/visit-paris.net\/fr\/wp-json\/wp\/v2\/media?parent=365"}],"curies":[{"name":"wp","href":"https:\/\/api.w.org\/{rel}","templated":true}]}}