{"id":367,"date":"2025-11-03T00:42:44","date_gmt":"2025-11-02T23:42:44","guid":{"rendered":"https:\/\/visit-paris.net\/?page_id=367"},"modified":"2025-11-04T23:27:13","modified_gmt":"2025-11-04T22:27:13","slug":"hola","status":"publish","type":"page","link":"https:\/\/visit-paris.net\/es\/hola\/","title":{"rendered":"\u00a1Hola!"},"content":{"rendered":"\n<p>Hola, soy Jean: Par\u00eds ha sido mi hogar durante m\u00e1s de diez a\u00f1os, y cada d\u00eda descubro algo nuevo que me enamora. Ya vengas por un fin de semana o una semana entera, te ayudar\u00e9 a descubrir el verdadero Par\u00eds, m\u00e1s all\u00e1 de las postales y los clich\u00e9s. Desde tranquilos caf\u00e9s escondidos en Montmartre hasta mis lugares favoritos para ver el atardecer a orillas del Sena, este blog trata de compartir lo que hace que Par\u00eds sea tan especial para m\u00ed.<\/p>\n\n\n\n<p>Si te preguntas <em>qu\u00e9 hacer en Par\u00eds<\/em>, <em>d\u00f3nde comer<\/em> o buscas <em>tesoros escondidos<\/em> alejados de las multitudes, est\u00e1s en el lugar adecuado. Toma un caf\u00e9, da un paseo y exploremos Par\u00eds juntos.<\/p>\n\n\n\n<hr class=\"wp-block-separator has-alpha-channel-opacity\"\/>\n\n\n\n<div class=\"wp-block-query is-layout-flow wp-block-query-is-layout-flow\"><ul class=\"wp-block-post-template is-layout-flow wp-block-post-template-is-layout-flow\"><li class=\"wp-block-post post-508 post type-post status-publish format-standard hentry category-uncategorized\">\n<h2 class=\"wp-block-post-title\"><a href=\"https:\/\/visit-paris.net\/es\/las-joyas-ocultas-de-paris-mi-guia-personal-mas-alla-de-los-clasicos\/\" target=\"_self\" >Las Joyas Ocultas de Par\u00eds: Mi Gu\u00eda Personal M\u00e1s All\u00e1 de los Cl\u00e1sicos<\/a><\/h2>\n\n\n\n<div class=\"has-text-align-left wp-block-post-excerpt\"><p class=\"wp-block-post-excerpt__excerpt\">Si ya has tachado de tu lista los grandes imprescindibles parisinos \u2014 la Torre Eiffel, el Louvre, Notre-Dame, el Sacr\u00e9-C\u0153ur, el crucero por el Sena, las Catacumbas y dem\u00e1s \u2014 bravo. Ahora llega mi parte favorita al descubrir Par\u00eds: salirse de la ruta habitual, explorar los barrios donde la vida real sucede y entrar en<\/p><p class=\"wp-block-post-excerpt__more-text\"><a class=\"wp-block-post-excerpt__more-link\" href=\"https:\/\/visit-paris.net\/es\/las-joyas-ocultas-de-paris-mi-guia-personal-mas-alla-de-los-clasicos\/\">&#8230;<\/a><\/p><\/div>\n\n\n<hr class=\"wp-block-separator has-css-opacity\"\/>\n\n<\/li><li class=\"wp-block-post post-478 post type-post status-publish format-standard hentry category-uncategorized\">\n<h2 class=\"wp-block-post-title\"><a href=\"https:\/\/visit-paris.net\/es\/los-parques-y-jardines-mas-bonitos-de-paris-%f0%9f%8c%bf\/\" target=\"_self\" >Los Parques y Jardines M\u00e1s Bonitos de Par\u00eds \ud83c\udf3f<\/a><\/h2>\n\n\n\n<div class=\"has-text-align-left wp-block-post-excerpt\"><p class=\"wp-block-post-excerpt__excerpt\">Cuando la vida en Par\u00eds se siente un poco demasiado acelerada, a menudo encuentro refugio en sus oasis verdes \u2014 esos peque\u00f1os para\u00edsos donde el tiempo se ralentiza, el canto de los p\u00e1jaros sustituye el ruido del tr\u00e1fico y la belleza est\u00e1 en todas partes a donde miras. Par\u00eds puede ser conocida por sus caf\u00e9s<\/p><p class=\"wp-block-post-excerpt__more-text\"><a class=\"wp-block-post-excerpt__more-link\" href=\"https:\/\/visit-paris.net\/es\/los-parques-y-jardines-mas-bonitos-de-paris-%f0%9f%8c%bf\/\">&#8230;<\/a><\/p><\/div>\n\n\n<hr class=\"wp-block-separator has-css-opacity\"\/>\n\n<\/li><li class=\"wp-block-post post-466 post type-post status-publish format-standard hentry category-uncategorized\">\n<h2 class=\"wp-block-post-title\"><a href=\"https:\/\/visit-paris.net\/es\/navidad-en-paris-luces-mercados-y-un-toque-de-magia\/\" target=\"_self\" >Navidad en Par\u00eds: Luces, Mercados y un Toque de Magia<\/a><\/h2>\n\n\n\n<div class=\"has-text-align-left wp-block-post-excerpt\"><p class=\"wp-block-post-excerpt__excerpt\">Hay algo realmente encantador en Par\u00eds en diciembre. La ciudad, ya conocida por su romanticismo y belleza, se vuelve a\u00fan m\u00e1s m\u00e1gica cuando llega la temporada festiva. Desde las luces centelleantes a lo largo de los Campos El\u00edseos hasta el aroma de casta\u00f1as asadas que flota por las calles, la Navidad en Par\u00eds es una<\/p><p class=\"wp-block-post-excerpt__more-text\"><a class=\"wp-block-post-excerpt__more-link\" href=\"https:\/\/visit-paris.net\/es\/navidad-en-paris-luces-mercados-y-un-toque-de-magia\/\">&#8230;<\/a><\/p><\/div>\n\n\n<hr class=\"wp-block-separator has-css-opacity\"\/>\n\n<\/li><li class=\"wp-block-post post-444 post type-post status-publish format-standard hentry category-uncategorized\">\n<h2 class=\"wp-block-post-title\"><a href=\"https:\/\/visit-paris.net\/es\/paris-con-presupuesto-limitado-15-actividades-gratis-o-casi-gratis\/\" target=\"_self\" >Par\u00eds con Presupuesto Limitado: 15 Actividades Gratis (o Casi Gratis)<\/a><\/h2>\n\n\n\n<div class=\"has-text-align-left wp-block-post-excerpt\"><p class=\"wp-block-post-excerpt__excerpt\">Par\u00eds puede ser conocida por sus boutiques de lujo y su alta gastronom\u00eda, pero la Ciudad de la Luz no tiene por qu\u00e9 dejar un agujero en tu bolsillo. Viviendo aqu\u00ed m\u00e1s de una d\u00e9cada, he descubierto que algunas de las mejores experiencias parisinas son completamente gratuitas \u2014o casi. Ya sea paseando por jardines, empap\u00e1ndote<\/p><p class=\"wp-block-post-excerpt__more-text\"><a class=\"wp-block-post-excerpt__more-link\" href=\"https:\/\/visit-paris.net\/es\/paris-con-presupuesto-limitado-15-actividades-gratis-o-casi-gratis\/\">&#8230;<\/a><\/p><\/div>\n\n\n<hr class=\"wp-block-separator has-css-opacity\"\/>\n\n<\/li><li class=\"wp-block-post post-449 post type-post status-publish format-standard hentry category-uncategorized\">\n<h2 class=\"wp-block-post-title\"><a href=\"https:\/\/visit-paris.net\/es\/donde-alojarse-en-paris-encuentra-el-lugar-perfecto-para-tu-presupuesto-y-estilo\/\" target=\"_self\" >D\u00f3nde Alojarse en Par\u00eds: Encuentra el Lugar Perfecto para tu Presupuesto y Estilo<\/a><\/h2>\n\n\n\n<div class=\"has-text-align-left wp-block-post-excerpt\"><p class=\"wp-block-post-excerpt__excerpt\">Si alguna vez has so\u00f1ado con despertar al sonido de Par\u00eds cobrando vida \u2014 caf\u00e9s abri\u00e9ndose, croissants horne\u00e1ndose y el lejano murmullo del Sena \u2014 entonces sabes que d\u00f3nde te alojes define toda tu experiencia parisina. Ya vayas con un presupuesto ajustado o busques un poco de lujo, Par\u00eds tiene un lugar que se siente<\/p><p class=\"wp-block-post-excerpt__more-text\"><a class=\"wp-block-post-excerpt__more-link\" href=\"https:\/\/visit-paris.net\/es\/donde-alojarse-en-paris-encuentra-el-lugar-perfecto-para-tu-presupuesto-y-estilo\/\">&#8230;<\/a><\/p><\/div>\n\n\n<hr class=\"wp-block-separator has-css-opacity\"\/>\n\n<\/li><li class=\"wp-block-post post-407 post type-post status-publish format-standard hentry category-uncategorized\">\n<h2 class=\"wp-block-post-title\"><a href=\"https:\/\/visit-paris.net\/es\/un-sabor-de-francia-descubriendo-la-cocina-regional-en-paris\/\" target=\"_self\" >Un Sabor de Francia: Descubriendo la Cocina Regional en Par\u00eds<\/a><\/h2>\n\n\n\n<div class=\"has-text-align-left wp-block-post-excerpt\"><p class=\"wp-block-post-excerpt__excerpt\">Si hay algo que defina el arte de vivir franc\u00e9s, es la comida. Par\u00eds, el coraz\u00f3n palpitante de la cultura francesa, es un mosaico de sabores de cada rinc\u00f3n del pa\u00eds. Desde las mantecosas cr\u00eapes bretonas hasta los platos contundentes de los Alpes, cada arrondissement esconde un pedazo de Francia en un plato. Ya busques<\/p><p class=\"wp-block-post-excerpt__more-text\"><a class=\"wp-block-post-excerpt__more-link\" href=\"https:\/\/visit-paris.net\/es\/un-sabor-de-francia-descubriendo-la-cocina-regional-en-paris\/\">&#8230;<\/a><\/p><\/div>\n\n\n<hr class=\"wp-block-separator has-css-opacity\"\/>\n\n<\/li><li class=\"wp-block-post post-394 post type-post status-publish format-standard hentry category-uncategorized\">\n<h2 class=\"wp-block-post-title\"><a href=\"https:\/\/visit-paris.net\/es\/los-mejores-museos-para-visitar-en-paris-de-los-clasicos-a-las-joyas-ocultas\/\" target=\"_self\" >Los mejores museos para visitar en Par\u00eds \u2014 de los cl\u00e1sicos a las joyas ocultas<\/a><\/h2>\n\n\n\n<div class=\"has-text-align-left wp-block-post-excerpt\"><p class=\"wp-block-post-excerpt__excerpt\">Par\u00eds es una ciudad que respira arte. Se siente en sus calles empedradas, en la manera en que la luz del sol acaricia el Sena y, por supuesto, en sus innumerables museos. Ya sea que te apasione el impresionismo, la moda o las instalaciones de arte moderno que te hacen girar la cabeza entre confusi\u00f3n<\/p><p class=\"wp-block-post-excerpt__more-text\"><a class=\"wp-block-post-excerpt__more-link\" href=\"https:\/\/visit-paris.net\/es\/los-mejores-museos-para-visitar-en-paris-de-los-clasicos-a-las-joyas-ocultas\/\">&#8230;<\/a><\/p><\/div>\n\n\n<hr class=\"wp-block-separator has-css-opacity\"\/>\n\n<\/li><li class=\"wp-block-post post-321 post type-post status-publish format-standard hentry category-uncategorized\">\n<h2 class=\"wp-block-post-title\"><a href=\"https:\/\/visit-paris.net\/es\/es-paris-peligroso-la-verdad-sobre-la-seguridad-y-los-barrios-que-evitar\/\" target=\"_self\" >\u00bfEs Par\u00eds peligroso? La verdad sobre la seguridad y los barrios que evitar<\/a><\/h2>\n\n\n\n<div class=\"has-text-align-left wp-block-post-excerpt\"><p class=\"wp-block-post-excerpt__excerpt\">Par\u00eds \u2014 la Ciudad de la Luz, el romance y los croissants \u2014 a veces tiene una reputaci\u00f3n m\u00e1s oscura en internet. A menudo escuchar\u00e1s preguntar: \u201c\u00bfEs Par\u00eds peligroso?\u201d o \u201c\u00bfQu\u00e9 zonas deber\u00eda evitar?\u201d Como alguien que lleva m\u00e1s de diez a\u00f1os viviendo aqu\u00ed, puedo decirte: Par\u00eds est\u00e1 lejos de ser una ciudad peligrosa. Como<\/p><p class=\"wp-block-post-excerpt__more-text\"><a class=\"wp-block-post-excerpt__more-link\" href=\"https:\/\/visit-paris.net\/es\/es-paris-peligroso-la-verdad-sobre-la-seguridad-y-los-barrios-que-evitar\/\">&#8230;<\/a><\/p><\/div>\n\n\n<hr class=\"wp-block-separator has-css-opacity\"\/>\n\n<\/li><li class=\"wp-block-post post-310 post type-post status-publish format-standard hentry category-uncategorized\">\n<h2 class=\"wp-block-post-title\"><a href=\"https:\/\/visit-paris.net\/es\/un-fin-de-semana-perfecto-en-paris-como-aprovechar-al-maximo-2-o-3-dias\/\" target=\"_self\" >Un fin de semana perfecto en Par\u00eds: c\u00f3mo aprovechar al m\u00e1ximo 2 o 3 d\u00edas<\/a><\/h2>\n\n\n\n<div class=\"has-text-align-left wp-block-post-excerpt\"><p class=\"wp-block-post-excerpt__excerpt\">Hay algo m\u00e1gico en pasar un fin de semana en Par\u00eds. Ya sea tu primera vez o la quinta, la ciudad siempre parece ofrecer nuevos rincones para explorar, caf\u00e9s para quedarse y vistas que hacen latir tu coraz\u00f3n. Como alguien que ha vivido aqu\u00ed diez a\u00f1os, sigo enamor\u00e1ndome de Par\u00eds cada fin de semana. As\u00ed<\/p><p class=\"wp-block-post-excerpt__more-text\"><a class=\"wp-block-post-excerpt__more-link\" href=\"https:\/\/visit-paris.net\/es\/un-fin-de-semana-perfecto-en-paris-como-aprovechar-al-maximo-2-o-3-dias\/\">&#8230;<\/a><\/p><\/div>\n\n\n<hr class=\"wp-block-separator has-css-opacity\"\/>\n\n<\/li><li class=\"wp-block-post post-237 post type-post status-publish format-standard hentry category-uncategorized\">\n<h2 class=\"wp-block-post-title\"><a href=\"https:\/\/visit-paris.net\/es\/como-llegar-a-paris-desde-los-aeropuertos-orly-y-charles-de-gaulle\/\" target=\"_self\" >C\u00f3mo llegar a Par\u00eds desde los aeropuertos: Orly y Charles de Gaulle<\/a><\/h2>\n\n\n\n<div class=\"has-text-align-left wp-block-post-excerpt\"><p class=\"wp-block-post-excerpt__excerpt\">Si vas a aterrizar en Par\u00eds, tu aventura comienza justo en el aeropuerto \u2014 y a veces, ese primer viaje hacia la ciudad puede ser m\u00e1s confuso de lo esperado. Habiendo vivido aqu\u00ed durante a\u00f1os y probado pr\u00e1cticamente todas las formas posibles de llegar a la ciudad, he reunido mis mejores consejos para ayudarte a<\/p><p class=\"wp-block-post-excerpt__more-text\"><a class=\"wp-block-post-excerpt__more-link\" href=\"https:\/\/visit-paris.net\/es\/como-llegar-a-paris-desde-los-aeropuertos-orly-y-charles-de-gaulle\/\">&#8230;<\/a><\/p><\/div>\n\n\n<hr class=\"wp-block-separator has-css-opacity\"\/>\n\n<\/li><\/ul><\/div>\n","protected":false},"excerpt":{"rendered":"<p>Hola, soy Jean: Par\u00eds ha sido mi hogar durante m\u00e1s de diez a\u00f1os, y cada d\u00eda descubro algo nuevo que me enamora. Ya vengas por un fin de semana o una semana entera, te ayudar\u00e9 a descubrir el verdadero Par\u00eds, m\u00e1s all\u00e1 de las postales y los clich\u00e9s. Desde tranquilos caf\u00e9s escondidos en Montmartre hasta &hellip; <\/p>\n<p class=\"link-more\"><a href=\"https:\/\/visit-paris.net\/es\/hola\/\" class=\"more-link\">Continuar leyendo<span class=\"screen-reader-text\"> \u00ab\u00a1Hola!\u00bb<\/span><\/a><\/p>\n","protected":false},"author":1,"featured_media":0,"parent":0,"menu_order":0,"comment_status":"closed","ping_status":"closed","template":"","meta":{"footnotes":""},"class_list":["post-367","page","type-page","status-publish","hentry"],"_links":{"self":[{"href":"https:\/\/visit-paris.net\/es\/wp-json\/wp\/v2\/pages\/367","targetHints":{"allow":["GET"]}}],"collection":[{"href":"https:\/\/visit-paris.net\/es\/wp-json\/wp\/v2\/pages"}],"about":[{"href":"https:\/\/visit-paris.net\/es\/wp-json\/wp\/v2\/types\/page"}],"author":[{"embeddable":true,"href":"https:\/\/visit-paris.net\/es\/wp-json\/wp\/v2\/users\/1"}],"replies":[{"embeddable":true,"href":"https:\/\/visit-paris.net\/es\/wp-json\/wp\/v2\/comments?post=367"}],"version-history":[{"count":2,"href":"https:\/\/visit-paris.net\/es\/wp-json\/wp\/v2\/pages\/367\/revisions"}],"predecessor-version":[{"id":385,"href":"https:\/\/visit-paris.net\/es\/wp-json\/wp\/v2\/pages\/367\/revisions\/385"}],"wp:attachment":[{"href":"https:\/\/visit-paris.net\/es\/wp-json\/wp\/v2\/media?parent=367"}],"curies":[{"name":"wp","href":"https:\/\/api.w.org\/{rel}","templated":true}]}}