{"id":366,"date":"2025-11-03T00:42:55","date_gmt":"2025-11-02T23:42:55","guid":{"rendered":"https:\/\/visit-paris.net\/?page_id=366"},"modified":"2025-11-04T23:28:16","modified_gmt":"2025-11-04T22:28:16","slug":"hey-3","status":"publish","type":"page","link":"https:\/\/visit-paris.net\/de\/hey-3\/","title":{"rendered":"Hey!"},"content":{"rendered":"\n<p>Hallo, ich bin Jean \u2013 Paris ist seit \u00fcber zehn Jahren mein Zuhause, und ich entdecke hier jeden Tag etwas Neues, das ich liebe. Ob ihr f\u00fcr ein Wochenende oder eine ganze Woche hier seid, ich helfe euch, das echte Paris zu entdecken \u2013 abseits von Postkarten und Klischees. Von stillen Caf\u00e9s, versteckt in Montmartre, bis zu meinen liebsten Pl\u00e4tzen f\u00fcr den Sonnenuntergang an der Seine \u2013 in diesem Blog teile ich alles, was Paris f\u00fcr mich so besonders macht.<\/p>\n\n\n\n<p>Wenn ihr euch fragt, <em>was man in Paris machen kann<\/em>, <em>wo man essen sollte<\/em> oder auf der Suche nach <em>versteckten Sch\u00e4tzen<\/em> fernab der Touristenmassen seid, seid ihr hier genau richtig. Schnappt euch einen Kaffee, macht einen Spaziergang, und lasst uns gemeinsam Paris erkunden.<\/p>\n\n\n\n<hr class=\"wp-block-separator has-alpha-channel-opacity\"\/>\n\n\n\n<div class=\"wp-block-query is-layout-flow wp-block-query-is-layout-flow\"><ul class=\"wp-block-post-template is-layout-flow wp-block-post-template-is-layout-flow\"><li class=\"wp-block-post post-518 post type-post status-publish format-standard hentry category-uncategorized\">\n<h2 class=\"wp-block-post-title\"><a href=\"https:\/\/visit-paris.net\/de\/die-verborgenen-schatze-von-paris-mein-personlicher-guide-jenseits-der-klassiker\/\" target=\"_self\" >Die verborgenen Sch\u00e4tze von Paris: Mein pers\u00f6nlicher Guide jenseits der Klassiker<\/a><\/h2>\n\n\n\n<div class=\"has-text-align-left wp-block-post-excerpt\"><p class=\"wp-block-post-excerpt__excerpt\">Wenn Sie die gro\u00dfen Pariser Must-Sees wie den Eiffelturm, den Louvre, Notre-Dame, das Sacr\u00e9-C\u0153ur, eine Seine-Bootsfahrt, die Katakomben und all das bereits abgehakt haben \u2013 bravo. Jetzt beginnt mein Lieblingspart beim Entdecken von Paris: abseits der ausgetretenen Pfade zu schlendern, die Viertel zu erkunden, in denen das echte Leben spielt, und Orte zu betreten, die<\/p><p class=\"wp-block-post-excerpt__more-text\"><a class=\"wp-block-post-excerpt__more-link\" href=\"https:\/\/visit-paris.net\/de\/die-verborgenen-schatze-von-paris-mein-personlicher-guide-jenseits-der-klassiker\/\">&#8230;<\/a><\/p><\/div>\n\n\n<hr class=\"wp-block-separator has-css-opacity\"\/>\n\n<\/li><li class=\"wp-block-post post-491 post type-post status-publish format-standard hentry category-uncategorized\">\n<h2 class=\"wp-block-post-title\"><a href=\"https:\/\/visit-paris.net\/de\/die-schonsten-parks-und-garten-in-paris-%f0%9f%8c%bf\/\" target=\"_self\" >Die sch\u00f6nsten Parks und G\u00e4rten in Paris \ud83c\udf3f<\/a><\/h2>\n\n\n\n<div class=\"has-text-align-left wp-block-post-excerpt\"><p class=\"wp-block-post-excerpt__excerpt\">Wenn das Leben in Paris mal wieder zu hektisch wird, findet man mich oft in seinen gr\u00fcnen Oasen wieder \u2013 diesen kleinen R\u00fcckzugsorten, wo die Zeit langsamer vergeht, Vogelgezwitscher den Verkehrsl\u00e4rm ersetzt und Sch\u00f6nheit \u00fcberall sichtbar ist. Paris ist zwar f\u00fcr seine Caf\u00e9s und Monumente bekannt, doch seine Parks und G\u00e4rten sind die wahren Lungen<\/p><p class=\"wp-block-post-excerpt__more-text\"><a class=\"wp-block-post-excerpt__more-link\" href=\"https:\/\/visit-paris.net\/de\/die-schonsten-parks-und-garten-in-paris-%f0%9f%8c%bf\/\">&#8230;<\/a><\/p><\/div>\n\n\n<hr class=\"wp-block-separator has-css-opacity\"\/>\n\n<\/li><li class=\"wp-block-post post-468 post type-post status-publish format-standard hentry category-uncategorized\">\n<h2 class=\"wp-block-post-title\"><a href=\"https:\/\/visit-paris.net\/de\/weihnachten-in-paris-lichter-markte-und-ein-hauch-von-magie\/\" target=\"_self\" >Weihnachten in Paris: Lichter, M\u00e4rkte und ein Hauch von Magie<\/a><\/h2>\n\n\n\n<div class=\"has-text-align-left wp-block-post-excerpt\"><p class=\"wp-block-post-excerpt__excerpt\">Es gibt etwas wahrhaft Zauberhaftes an Paris im Dezember. Die Stadt, die ohnehin schon f\u00fcr Romantik und Sch\u00f6nheit bekannt ist, wird in der Weihnachtszeit auf ganz besondere Weise magisch. Von funkelnden Lichtern entlang der Champs-\u00c9lys\u00e9es bis zum Duft ger\u00f6steter Maronen, der durch die Stra\u00dfen zieht \u2013 Weihnachten in Paris ist ein Erlebnis, das das Herz<\/p><p class=\"wp-block-post-excerpt__more-text\"><a class=\"wp-block-post-excerpt__more-link\" href=\"https:\/\/visit-paris.net\/de\/weihnachten-in-paris-lichter-markte-und-ein-hauch-von-magie\/\">&#8230;<\/a><\/p><\/div>\n\n\n<hr class=\"wp-block-separator has-css-opacity\"\/>\n\n<\/li><li class=\"wp-block-post post-446 post type-post status-publish format-standard hentry category-uncategorized\">\n<h2 class=\"wp-block-post-title\"><a href=\"https:\/\/visit-paris.net\/de\/paris-mit-kleinem-budget-15-kostenlose-oder-fast-kostenlose-aktivitaten\/\" target=\"_self\" >Paris mit kleinem Budget: 15 kostenlose (oder fast kostenlose) Aktivit\u00e4ten<\/a><\/h2>\n\n\n\n<div class=\"has-text-align-left wp-block-post-excerpt\"><p class=\"wp-block-post-excerpt__excerpt\">Paris ist zwar f\u00fcr Luxus-Boutiquen und feine Gastronomie bekannt, doch muss die Stadt der Lichter nicht dein Konto sprengen. Seit \u00fcber einem Jahrzehnt lebe ich hier und habe entdeckt, dass einige der besten Pariser Erlebnisse ganz gratis \u2013 oder fast gratis \u2013 sind. Ob beim Schlendern durch G\u00e4rten, Eintauchen in Kultur oder beim Sonnenuntergang an<\/p><p class=\"wp-block-post-excerpt__more-text\"><a class=\"wp-block-post-excerpt__more-link\" href=\"https:\/\/visit-paris.net\/de\/paris-mit-kleinem-budget-15-kostenlose-oder-fast-kostenlose-aktivitaten\/\">&#8230;<\/a><\/p><\/div>\n\n\n<hr class=\"wp-block-separator has-css-opacity\"\/>\n\n<\/li><li class=\"wp-block-post post-450 post type-post status-publish format-standard hentry category-uncategorized\">\n<h2 class=\"wp-block-post-title\"><a href=\"https:\/\/visit-paris.net\/de\/wo-man-in-paris-ubernachtet-den-perfekten-ort-fur-budget-und-stil-finden\/\" target=\"_self\" >Wo man in Paris \u00fcbernachtet: Den perfekten Ort f\u00fcr Budget und Stil finden<\/a><\/h2>\n\n\n\n<div class=\"has-text-align-left wp-block-post-excerpt\"><p class=\"wp-block-post-excerpt__excerpt\">Wenn du schon einmal davon getr\u00e4umt hast, mit dem Klang von Paris aufzuwachen \u2014 Caf\u00e9s, die \u00f6ffnen, Croissants, die frisch gebacken werden, und das ferne Rauschen der Seine \u2014 dann wei\u00dft du, dass wo du bleibst deine gesamte Pariser Erfahrung pr\u00e4gt. Ob du nun mit kleinem Budget reist oder dir ein bisschen Luxus g\u00f6nnen m\u00f6chtest,<\/p><p class=\"wp-block-post-excerpt__more-text\"><a class=\"wp-block-post-excerpt__more-link\" href=\"https:\/\/visit-paris.net\/de\/wo-man-in-paris-ubernachtet-den-perfekten-ort-fur-budget-und-stil-finden\/\">&#8230;<\/a><\/p><\/div>\n\n\n<hr class=\"wp-block-separator has-css-opacity\"\/>\n\n<\/li><li class=\"wp-block-post post-405 post type-post status-publish format-standard hentry category-uncategorized\">\n<h2 class=\"wp-block-post-title\"><a href=\"https:\/\/visit-paris.net\/de\/ein-geschmack-von-frankreich-regionale-kuche-in-paris-entdecken\/\" target=\"_self\" >Ein Geschmack von Frankreich: Regionale K\u00fcche in Paris entdecken<\/a><\/h2>\n\n\n\n<div class=\"has-text-align-left wp-block-post-excerpt\"><p class=\"wp-block-post-excerpt__excerpt\">Wenn es eine Sache gibt, die die franz\u00f6sische Lebensart definiert, dann ist es das Essen. Paris, das pulsierende Herz der franz\u00f6sischen Kultur, ist ein Mosaik aus Aromen aus allen Ecken des Landes. Von buttrigen bretonischen Cr\u00eapes bis hin zu herzhaften Gerichten aus den Alpen \u2013 jeder Stadtbezirk birgt ein St\u00fcck Frankreich auf dem Teller. Egal,<\/p><p class=\"wp-block-post-excerpt__more-text\"><a class=\"wp-block-post-excerpt__more-link\" href=\"https:\/\/visit-paris.net\/de\/ein-geschmack-von-frankreich-regionale-kuche-in-paris-entdecken\/\">&#8230;<\/a><\/p><\/div>\n\n\n<hr class=\"wp-block-separator has-css-opacity\"\/>\n\n<\/li><li class=\"wp-block-post post-396 post type-post status-publish format-standard hentry category-uncategorized\">\n<h2 class=\"wp-block-post-title\"><a href=\"https:\/\/visit-paris.net\/de\/die-besten-museen-in-paris-von-klassikern-bis-zu-verborgenen-schatzen\/\" target=\"_self\" >Die besten Museen in Paris \u2014 Von Klassikern bis zu verborgenen Sch\u00e4tzen<\/a><\/h2>\n\n\n\n<div class=\"has-text-align-left wp-block-post-excerpt\"><p class=\"wp-block-post-excerpt__excerpt\">Paris ist eine Stadt, die Kunst atmet. Man sp\u00fcrt es in den Kopfsteinpflasterstra\u00dfen, in dem Lichtspiel auf der Seine und nat\u00fcrlich in seinen unz\u00e4hligen Museen. Ob Sie f\u00fcr Impressionismus, Mode oder moderne Kunstinstallationen schw\u00e4rmen, die einem den Kopf schief legen (und zugleich erfreuen) \u2014 Paris hat f\u00fcr jede neugierige Seele etwas zu bieten. Nach zehn<\/p><p class=\"wp-block-post-excerpt__more-text\"><a class=\"wp-block-post-excerpt__more-link\" href=\"https:\/\/visit-paris.net\/de\/die-besten-museen-in-paris-von-klassikern-bis-zu-verborgenen-schatzen\/\">&#8230;<\/a><\/p><\/div>\n\n\n<hr class=\"wp-block-separator has-css-opacity\"\/>\n\n<\/li><li class=\"wp-block-post post-328 post type-post status-publish format-standard hentry category-uncategorized\">\n<h2 class=\"wp-block-post-title\"><a href=\"https:\/\/visit-paris.net\/de\/ist-paris-gefahrlich-die-wahrheit-uber-sicherheit-und-viertel-die-man-meiden-sollte\/\" target=\"_self\" >Ist Paris gef\u00e4hrlich? Die Wahrheit \u00fcber Sicherheit und Viertel, die man meiden sollte<\/a><\/h2>\n\n\n\n<div class=\"has-text-align-left wp-block-post-excerpt\"><p class=\"wp-block-post-excerpt__excerpt\">Paris \u2013 die Stadt der Lichter, der Romantik und der Croissants \u2013 hat online manchmal einen d\u00fcsteren Ruf. Oft h\u00f6rt man die Frage: \u201eIst Paris gef\u00e4hrlich?\u201c oder \u201eWelche Gegenden sollte ich meiden?\u201c Als jemand, der hier seit \u00fcber zehn Jahren lebt, kann ich dir sagen: Paris ist alles andere als eine gef\u00e4hrliche Stadt. Wie jede<\/p><p class=\"wp-block-post-excerpt__more-text\"><a class=\"wp-block-post-excerpt__more-link\" href=\"https:\/\/visit-paris.net\/de\/ist-paris-gefahrlich-die-wahrheit-uber-sicherheit-und-viertel-die-man-meiden-sollte\/\">&#8230;<\/a><\/p><\/div>\n\n\n<hr class=\"wp-block-separator has-css-opacity\"\/>\n\n<\/li><li class=\"wp-block-post post-316 post type-post status-publish format-standard hentry category-uncategorized\">\n<h2 class=\"wp-block-post-title\"><a href=\"https:\/\/visit-paris.net\/de\/ein-perfektes-wochenende-in-paris-so-holen-sie-das-beste-aus-2-oder-3-tagen-heraus\/\" target=\"_self\" >Ein perfektes Wochenende in Paris: So holen Sie das Beste aus 2 oder 3 Tagen heraus<\/a><\/h2>\n\n\n\n<div class=\"has-text-align-left wp-block-post-excerpt\"><p class=\"wp-block-post-excerpt__excerpt\">Es hat etwas Magisches, ein Wochenende in Paris zu verbringen. Egal, ob es Ihr erstes Mal oder Ihr f\u00fcnftes ist, die Stadt scheint immer neue Ecken zu bieten, in denen man verweilen kann, Caf\u00e9s zum Verweilen und Ausblicke, die das Herz h\u00f6herschlagen lassen. Als jemand, der hier seit zehn Jahren lebt, verliebe ich mich jedes<\/p><p class=\"wp-block-post-excerpt__more-text\"><a class=\"wp-block-post-excerpt__more-link\" href=\"https:\/\/visit-paris.net\/de\/ein-perfektes-wochenende-in-paris-so-holen-sie-das-beste-aus-2-oder-3-tagen-heraus\/\">&#8230;<\/a><\/p><\/div>\n\n\n<hr class=\"wp-block-separator has-css-opacity\"\/>\n\n<\/li><li class=\"wp-block-post post-249 post type-post status-publish format-standard hentry category-uncategorized\">\n<h2 class=\"wp-block-post-title\"><a href=\"https:\/\/visit-paris.net\/de\/wie-man-vom-flughafen-nach-paris-kommt-orly-charles-de-gaulle\/\" target=\"_self\" >Wie man vom Flughafen nach Paris kommt: Orly &#038; Charles de Gaulle<\/a><\/h2>\n\n\n\n<div class=\"has-text-align-left wp-block-post-excerpt\"><p class=\"wp-block-post-excerpt__excerpt\">Wenn Sie in Paris landen, beginnt Ihr Abenteuer direkt am Flughafen \u2013 und manchmal kann die erste Fahrt in die Stadt verwirrender sein als erwartet. Nachdem ich hier jahrelang gelebt und quasi jede erdenkliche M\u00f6glichkeit getestet habe, um in die Stadt zu gelangen, habe ich meine besten Tipps gesammelt, damit Sie reibungslos ankommen, egal ob<\/p><p class=\"wp-block-post-excerpt__more-text\"><a class=\"wp-block-post-excerpt__more-link\" href=\"https:\/\/visit-paris.net\/de\/wie-man-vom-flughafen-nach-paris-kommt-orly-charles-de-gaulle\/\">&#8230;<\/a><\/p><\/div>\n\n\n<hr class=\"wp-block-separator has-css-opacity\"\/>\n\n<\/li><\/ul><\/div>\n","protected":false},"excerpt":{"rendered":"<p>Hallo, ich bin Jean \u2013 Paris ist seit \u00fcber zehn Jahren mein Zuhause, und ich entdecke hier jeden Tag etwas Neues, das ich liebe. Ob ihr f\u00fcr ein Wochenende oder eine ganze Woche hier seid, ich helfe euch, das echte Paris zu entdecken \u2013 abseits von Postkarten und Klischees. Von stillen Caf\u00e9s, versteckt in Montmartre, &hellip; <\/p>\n<p class=\"link-more\"><a href=\"https:\/\/visit-paris.net\/de\/hey-3\/\" class=\"more-link\"><span class=\"screen-reader-text\">\u201eHey!\u201c <\/span>weiterlesen<\/a><\/p>\n","protected":false},"author":1,"featured_media":0,"parent":0,"menu_order":0,"comment_status":"closed","ping_status":"closed","template":"","meta":{"footnotes":""},"class_list":["post-366","page","type-page","status-publish","hentry"],"_links":{"self":[{"href":"https:\/\/visit-paris.net\/de\/wp-json\/wp\/v2\/pages\/366","targetHints":{"allow":["GET"]}}],"collection":[{"href":"https:\/\/visit-paris.net\/de\/wp-json\/wp\/v2\/pages"}],"about":[{"href":"https:\/\/visit-paris.net\/de\/wp-json\/wp\/v2\/types\/page"}],"author":[{"embeddable":true,"href":"https:\/\/visit-paris.net\/de\/wp-json\/wp\/v2\/users\/1"}],"replies":[{"embeddable":true,"href":"https:\/\/visit-paris.net\/de\/wp-json\/wp\/v2\/comments?post=366"}],"version-history":[{"count":2,"href":"https:\/\/visit-paris.net\/de\/wp-json\/wp\/v2\/pages\/366\/revisions"}],"predecessor-version":[{"id":388,"href":"https:\/\/visit-paris.net\/de\/wp-json\/wp\/v2\/pages\/366\/revisions\/388"}],"wp:attachment":[{"href":"https:\/\/visit-paris.net\/de\/wp-json\/wp\/v2\/media?parent=366"}],"curies":[{"name":"wp","href":"https:\/\/api.w.org\/{rel}","templated":true}]}}